{"id":710,"date":"2020-08-24T13:42:36","date_gmt":"2020-08-24T11:42:36","guid":{"rendered":"https:\/\/www.gramablend.com\/?page_id=710"},"modified":"2025-01-15T10:03:09","modified_gmt":"2025-01-15T09:03:09","slug":"impressum","status":"publish","type":"page","link":"https:\/\/www.gramablend.com\/fr\/impressum\/","title":{"rendered":"Empreinte"},"content":{"rendered":"<div data-elementor-type=\"wp-page\" data-elementor-id=\"710\" class=\"elementor elementor-710\" data-elementor-post-type=\"page\">\n\t\t\t\t\t\t<section class=\"elementor-section elementor-top-section elementor-element elementor-element-57dec1c elementor-section-content-bottom elementor-section-boxed elementor-section-height-default elementor-section-height-default\" data-id=\"57dec1c\" data-element_type=\"section\" data-e-type=\"section\">\n\t\t\t\t\t\t<div class=\"elementor-container elementor-column-gap-default\">\n\t\t\t\t\t<div class=\"elementor-column elementor-col-100 elementor-top-column elementor-element elementor-element-365cb76\" data-id=\"365cb76\" data-element_type=\"column\" data-e-type=\"column\">\n\t\t\t<div class=\"elementor-widget-wrap elementor-element-populated\">\n\t\t\t\t\t\t<div class=\"elementor-element elementor-element-d3f8ef6 elementor-widget elementor-widget-heading\" data-id=\"d3f8ef6\" data-element_type=\"widget\" data-e-type=\"widget\" data-widget_type=\"heading.default\">\n\t\t\t\t<div class=\"elementor-widget-container\">\n\t\t\t\t\t<h1 class=\"elementor-heading-title elementor-size-default\">Empreinte<\/h1>\t\t\t\t<\/div>\n\t\t\t\t<\/div>\n\t\t\t\t\t<\/div>\n\t\t<\/div>\n\t\t\t\t\t<\/div>\n\t\t<\/section>\n\t\t\t\t<section class=\"elementor-section elementor-top-section elementor-element elementor-element-30338da elementor-section-boxed elementor-section-height-default elementor-section-height-default\" data-id=\"30338da\" data-element_type=\"section\" data-e-type=\"section\">\n\t\t\t\t\t\t<div class=\"elementor-container elementor-column-gap-default\">\n\t\t\t\t\t<div class=\"elementor-column elementor-col-33 elementor-top-column elementor-element elementor-element-45f6e54\" data-id=\"45f6e54\" data-element_type=\"column\" data-e-type=\"column\">\n\t\t\t<div class=\"elementor-widget-wrap elementor-element-populated\">\n\t\t\t\t\t\t<section class=\"elementor-section elementor-inner-section elementor-element elementor-element-3bc3829 elementor-section-boxed elementor-section-height-default elementor-section-height-default\" data-id=\"3bc3829\" data-element_type=\"section\" data-e-type=\"section\">\n\t\t\t\t\t\t<div class=\"elementor-container elementor-column-gap-default\">\n\t\t\t\t\t<div class=\"elementor-column elementor-col-100 elementor-inner-column elementor-element elementor-element-71b09d6\" data-id=\"71b09d6\" data-element_type=\"column\" data-e-type=\"column\">\n\t\t\t<div class=\"elementor-widget-wrap elementor-element-populated\">\n\t\t\t\t\t\t<div class=\"elementor-element elementor-element-ea06950 elementor-widget elementor-widget-heading\" data-id=\"ea06950\" data-element_type=\"widget\" data-e-type=\"widget\" data-widget_type=\"heading.default\">\n\t\t\t\t<div class=\"elementor-widget-container\">\n\t\t\t\t\t<h2 class=\"elementor-heading-title elementor-size-default\">Angaben gem\u00e4\u00df \u00a7 5 DDG<\/h2>\t\t\t\t<\/div>\n\t\t\t\t<\/div>\n\t\t\t\t<div class=\"elementor-element elementor-element-14a8eba elementor-widget elementor-widget-text-editor\" data-id=\"14a8eba\" data-element_type=\"widget\" data-e-type=\"widget\" data-widget_type=\"text-editor.default\">\n\t\t\t\t<div class=\"elementor-widget-container\">\n\t\t\t\t\t\t\t\t\t<p><strong>grama blend GmbH<\/strong><\/p><p>Industriestra\u00dfe 44 \u2013 46<br \/>92237 Sulzbach-Rosenberg, Germany<\/p><p><strong>Handelsregister:<\/strong>\u00a0<br \/>HRB 3769<\/p><p><b>Registergericht:<\/b>\u00a0<br \/>Amtsgericht Amberg<\/p><p><b>Vertreten durch:<\/b><br \/>Bj\u00f6rn Henkel<br \/>Matthias Brand<\/p>\t\t\t\t\t\t\t\t<\/div>\n\t\t\t\t<\/div>\n\t\t\t\t\t<\/div>\n\t\t<\/div>\n\t\t\t\t\t<\/div>\n\t\t<\/section>\n\t\t\t\t<section class=\"elementor-section elementor-inner-section elementor-element elementor-element-d305045 elementor-section-boxed elementor-section-height-default elementor-section-height-default\" data-id=\"d305045\" data-element_type=\"section\" data-e-type=\"section\">\n\t\t\t\t\t\t<div class=\"elementor-container elementor-column-gap-default\">\n\t\t\t\t\t<div class=\"elementor-column elementor-col-100 elementor-inner-column elementor-element elementor-element-66d43d8\" data-id=\"66d43d8\" data-element_type=\"column\" data-e-type=\"column\">\n\t\t\t<div class=\"elementor-widget-wrap elementor-element-populated\">\n\t\t\t\t\t\t<div class=\"elementor-element elementor-element-e36b9ea elementor-widget elementor-widget-heading\" data-id=\"e36b9ea\" data-element_type=\"widget\" data-e-type=\"widget\" data-widget_type=\"heading.default\">\n\t\t\t\t<div class=\"elementor-widget-container\">\n\t\t\t\t\t<h3 class=\"elementor-heading-title elementor-size-default\">Contact<\/h3>\t\t\t\t<\/div>\n\t\t\t\t<\/div>\n\t\t\t\t<div class=\"elementor-element elementor-element-0839bf1 elementor-widget elementor-widget-text-editor\" data-id=\"0839bf1\" data-element_type=\"widget\" data-e-type=\"widget\" data-widget_type=\"text-editor.default\">\n\t\t\t\t<div class=\"elementor-widget-container\">\n\t\t\t\t\t\t\t\t\t<p>Telefon: +49 (0) 9661 1043 0<br \/>Telefax: +49 (0) 9661 1043 99<br \/>E-Mail: info@gramablend.com<\/p>\t\t\t\t\t\t\t\t<\/div>\n\t\t\t\t<\/div>\n\t\t\t\t<div class=\"elementor-element elementor-element-12ed9bd elementor-widget elementor-widget-heading\" data-id=\"12ed9bd\" data-element_type=\"widget\" data-e-type=\"widget\" data-widget_type=\"heading.default\">\n\t\t\t\t<div class=\"elementor-widget-container\">\n\t\t\t\t\t<h3 class=\"elementor-heading-title elementor-size-default\">Gestaltung &amp; Konzept<\/h3>\t\t\t\t<\/div>\n\t\t\t\t<\/div>\n\t\t\t\t<div class=\"elementor-element elementor-element-78b59ad elementor-widget elementor-widget-text-editor\" data-id=\"78b59ad\" data-element_type=\"widget\" data-e-type=\"widget\" data-widget_type=\"text-editor.default\">\n\t\t\t\t<div class=\"elementor-widget-container\">\n\t\t\t\t\t\t\t\t\t<p>KREATIVMALEINS<br>Werbeagentur Weiden Oberpfalz<br>Zu den Stra\u00df\u00e4ckern 2<br>92637 Weiden<\/p><p><a href=\"https:\/\/www.kreativmaleins.de\" target=\"_blank\">www.kreativmaleins.de<\/a><br><\/p>\t\t\t\t\t\t\t\t<\/div>\n\t\t\t\t<\/div>\n\t\t\t\t\t<\/div>\n\t\t<\/div>\n\t\t\t\t\t<\/div>\n\t\t<\/section>\n\t\t\t\t<section class=\"elementor-section elementor-inner-section elementor-element elementor-element-6102e62 elementor-section-boxed elementor-section-height-default elementor-section-height-default\" data-id=\"6102e62\" data-element_type=\"section\" data-e-type=\"section\">\n\t\t\t\t\t\t<div class=\"elementor-container elementor-column-gap-default\">\n\t\t\t\t\t<div class=\"elementor-column elementor-col-100 elementor-inner-column elementor-element elementor-element-2bfa203\" data-id=\"2bfa203\" data-element_type=\"column\" data-e-type=\"column\">\n\t\t\t<div class=\"elementor-widget-wrap elementor-element-populated\">\n\t\t\t\t\t\t<div class=\"elementor-element elementor-element-7f87266 elementor-widget elementor-widget-heading\" data-id=\"7f87266\" data-element_type=\"widget\" data-e-type=\"widget\" data-widget_type=\"heading.default\">\n\t\t\t\t<div class=\"elementor-widget-container\">\n\t\t\t\t\t<h3 class=\"elementor-heading-title elementor-size-default\">Umsatzsteuer-ID<\/h3>\t\t\t\t<\/div>\n\t\t\t\t<\/div>\n\t\t\t\t<div class=\"elementor-element elementor-element-6a5c6e7 elementor-widget elementor-widget-text-editor\" data-id=\"6a5c6e7\" data-element_type=\"widget\" data-e-type=\"widget\" data-widget_type=\"text-editor.default\">\n\t\t\t\t<div class=\"elementor-widget-container\">\n\t\t\t\t\t\t\t\t\t<div data-id=\"bf75370\" data-element_type=\"widget\" data-widget_type=\"text-editor.default\"><p>Umsatzsteuer-Identifikationsnummer gem\u00e4\u00df \u00a727 a Umsatzsteuergesetz:<\/p><p><b>DE 813 591 708<\/b><\/p><\/div>\t\t\t\t\t\t\t\t<\/div>\n\t\t\t\t<\/div>\n\t\t\t\t\t<\/div>\n\t\t<\/div>\n\t\t\t\t\t<\/div>\n\t\t<\/section>\n\t\t\t\t\t<\/div>\n\t\t<\/div>\n\t\t\t\t<div class=\"elementor-column elementor-col-66 elementor-top-column elementor-element elementor-element-2f021ab\" data-id=\"2f021ab\" data-element_type=\"column\" data-e-type=\"column\">\n\t\t\t<div class=\"elementor-widget-wrap elementor-element-populated\">\n\t\t\t\t\t\t<div class=\"elementor-element elementor-element-27bf841 elementor-widget elementor-widget-heading\" data-id=\"27bf841\" data-element_type=\"widget\" data-e-type=\"widget\" data-widget_type=\"heading.default\">\n\t\t\t\t<div class=\"elementor-widget-container\">\n\t\t\t\t\t<h3 class=\"elementor-heading-title elementor-size-default\">Streitschlichtung<\/h3>\t\t\t\t<\/div>\n\t\t\t\t<\/div>\n\t\t\t\t<div class=\"elementor-element elementor-element-97f8581 elementor-widget elementor-widget-text-editor\" data-id=\"97f8581\" data-element_type=\"widget\" data-e-type=\"widget\" data-widget_type=\"text-editor.default\">\n\t\t\t\t<div class=\"elementor-widget-container\">\n\t\t\t\t\t\t\t\t\t<p>Die Europ\u00e4ische Kommission stellt eine Plattform zur Online-Streitbeilegung (OS) bereit:<\/p><p>https:\/\/ec.europa.eu\/consumers\/odr.<\/p><p>Unsere E-Mail-Adresse finden Sie oben im Impressum.<\/p><p>Wir sind nicht bereit oder verpflichtet, an Streitbeilegungsverfahren vor einer Verbraucherschlichtungsstelle teilzunehmen.<\/p>\t\t\t\t\t\t\t\t<\/div>\n\t\t\t\t<\/div>\n\t\t\t\t<div class=\"elementor-element elementor-element-bed1479 elementor-widget elementor-widget-heading\" data-id=\"bed1479\" data-element_type=\"widget\" data-e-type=\"widget\" data-widget_type=\"heading.default\">\n\t\t\t\t<div class=\"elementor-widget-container\">\n\t\t\t\t\t<h3 class=\"elementor-heading-title elementor-size-default\">Haftung f\u00fcr Inhalte<\/h3>\t\t\t\t<\/div>\n\t\t\t\t<\/div>\n\t\t\t\t<div class=\"elementor-element elementor-element-d8413e6 elementor-widget elementor-widget-text-editor\" data-id=\"d8413e6\" data-element_type=\"widget\" data-e-type=\"widget\" data-widget_type=\"text-editor.default\">\n\t\t\t\t<div class=\"elementor-widget-container\">\n\t\t\t\t\t\t\t\t\t<p>Als Diensteanbieter sind wir gem\u00e4\u00df \u00a7 7 Abs.1 DDG f\u00fcr eigene Inhalte auf diesen Seiten nach den allgemeinen Gesetzen verantwortlich. Nach \u00a7\u00a7 8 bis 10 DDG sind wir als Diensteanbieter jedoch nicht verpflichtet, \u00fcbermittelte oder gespeicherte fremde Informationen zu \u00fcberwachen oder nach Umst\u00e4nden zu forschen, die auf eine rechtswidrige T\u00e4tigkeit hinweisen.<\/p><p>Verpflichtungen zur Entfernung oder Sperrung der Nutzung von Informationen nach den allgemeinen Gesetzen bleiben hiervon unber\u00fchrt. Eine diesbez\u00fcgliche Haftung ist jedoch erst ab dem Zeitpunkt der Kenntnis einer konkreten Rechtsverletzung m\u00f6glich. Bei Bekanntwerden von entsprechenden Rechtsverletzungen werden wir diese Inhalte umgehend entfernen.<\/p>\t\t\t\t\t\t\t\t<\/div>\n\t\t\t\t<\/div>\n\t\t\t\t<div class=\"elementor-element elementor-element-d1501d7 elementor-widget elementor-widget-heading\" data-id=\"d1501d7\" data-element_type=\"widget\" data-e-type=\"widget\" data-widget_type=\"heading.default\">\n\t\t\t\t<div class=\"elementor-widget-container\">\n\t\t\t\t\t<h3 class=\"elementor-heading-title elementor-size-default\">Haftung f\u00fcr Links<\/h3>\t\t\t\t<\/div>\n\t\t\t\t<\/div>\n\t\t\t\t<div class=\"elementor-element elementor-element-a8ce117 elementor-widget elementor-widget-text-editor\" data-id=\"a8ce117\" data-element_type=\"widget\" data-e-type=\"widget\" data-widget_type=\"text-editor.default\">\n\t\t\t\t<div class=\"elementor-widget-container\">\n\t\t\t\t\t\t\t\t\t<p>Unser Angebot enth\u00e4lt Links zu externen Websites Dritter, auf deren Inhalte wir keinen Einfluss haben. Deshalb k\u00f6nnen wir f\u00fcr diese fremden Inhalte auch keine Gew\u00e4hr \u00fcbernehmen. F\u00fcr die Inhalte der verlinkten Seiten ist stets der jeweilige Anbieter oder Betreiber der Seiten verantwortlich. Die verlinkten Seiten wurden zum Zeitpunkt der Verlinkung auf m\u00f6gliche Rechtsverst\u00f6\u00dfe \u00fcberpr\u00fcft. Rechtswidrige Inhalte waren zum Zeitpunkt der Verlinkung nicht erkennbar.<\/p><p>Eine permanente inhaltliche Kontrolle der verlinkten Seiten ist jedoch ohne konkrete Anhaltspunkte einer Rechtsverletzung nicht zumutbar. Bei Bekanntwerden von Rechtsverletzungen werden wir derartige Links umgehend entfernen.<\/p>\t\t\t\t\t\t\t\t<\/div>\n\t\t\t\t<\/div>\n\t\t\t\t<div class=\"elementor-element elementor-element-686ef6a elementor-widget elementor-widget-heading\" data-id=\"686ef6a\" data-element_type=\"widget\" data-e-type=\"widget\" data-widget_type=\"heading.default\">\n\t\t\t\t<div class=\"elementor-widget-container\">\n\t\t\t\t\t<h3 class=\"elementor-heading-title elementor-size-default\">Urheberrecht<\/h3>\t\t\t\t<\/div>\n\t\t\t\t<\/div>\n\t\t\t\t<div class=\"elementor-element elementor-element-6b4089b elementor-widget elementor-widget-text-editor\" data-id=\"6b4089b\" data-element_type=\"widget\" data-e-type=\"widget\" data-widget_type=\"text-editor.default\">\n\t\t\t\t<div class=\"elementor-widget-container\">\n\t\t\t\t\t\t\t\t\t<p>Die durch die Seitenbetreiber erstellten Inhalte und Werke auf diesen Seiten unterliegen dem deutschen Urheberrecht. Die Vervielf\u00e4ltigung, Bearbeitung, Verbreitung und jede Art der Verwertung au\u00dferhalb der Grenzen des Urheberrechtes bed\u00fcrfen der schriftlichen Zustimmung des jeweiligen Autors bzw. Erstellers. Downloads und Kopien dieser Seite sind nur f\u00fcr den privaten, nicht kommerziellen Gebrauch gestattet.<\/p><p>Soweit die Inhalte auf dieser Seite nicht vom Betreiber erstellt wurden, werden die Urheberrechte Dritter beachtet. Insbesondere werden Inhalte Dritter als solche gekennzeichnet. Sollten Sie trotzdem auf eine Urheberrechtsverletzung aufmerksam werden, bitten wir um einen entsprechenden Hinweis. Bei Bekanntwerden von Rechtsverletzungen werden wir derartige Inhalte umgehend entfernen.<\/p>\t\t\t\t\t\t\t\t<\/div>\n\t\t\t\t<\/div>\n\t\t\t\t\t<\/div>\n\t\t<\/div>\n\t\t\t\t\t<\/div>\n\t\t<\/section>\n\t\t\t\t<section class=\"elementor-section elementor-top-section elementor-element elementor-element-280d757 elementor-section-boxed elementor-section-height-default elementor-section-height-default\" data-id=\"280d757\" data-element_type=\"section\" data-e-type=\"section\">\n\t\t\t\t\t\t<div class=\"elementor-container elementor-column-gap-default\">\n\t\t\t\t\t<div class=\"elementor-column elementor-col-100 elementor-top-column elementor-element elementor-element-6ebb9e6\" data-id=\"6ebb9e6\" data-element_type=\"column\" data-e-type=\"column\">\n\t\t\t<div class=\"elementor-widget-wrap elementor-element-populated\">\n\t\t\t\t\t\t<div class=\"elementor-element elementor-element-23bfc6c elementor-widget elementor-widget-spacer\" data-id=\"23bfc6c\" data-element_type=\"widget\" data-e-type=\"widget\" data-widget_type=\"spacer.default\">\n\t\t\t\t<div class=\"elementor-widget-container\">\n\t\t\t\t\t\t\t<div class=\"elementor-spacer\">\n\t\t\t<div class=\"elementor-spacer-inner\"><\/div>\n\t\t<\/div>\n\t\t\t\t\t\t<\/div>\n\t\t\t\t<\/div>\n\t\t\t\t\t<\/div>\n\t\t<\/div>\n\t\t\t\t\t<\/div>\n\t\t<\/section>\n\t\t\t\t<\/div>","protected":false},"excerpt":{"rendered":"Angaben gem\u00e4\u00df \u00a7 5 DDG grama blend GmbHIndustriestra\u00dfe 44 \u2013 4692237 Sulzbach-RosenbergHandelsregister:\u00a0HRB 3769Registergericht:\u00a0Amtsgericht AmbergVertreten durch:Bj\u00f6rn HenkelMatthias Brand Kontakt Telefon: +49 (0) 9661 1043 0Telefax: +49 (0) 9661 1043 99E-Mail: info@gramablend.com Gestaltung &amp; Konzept KREATIVMALEINSWerbeagentur Weiden OberpfalzZu den Stra\u00df\u00e4ckern 292637 Weidenwww.kreativmaleins.de Umsatzsteuer-ID Umsatzsteuer-Identifikationsnummer gem\u00e4\u00df \u00a727 a Umsatzsteuergesetz:DE 813 591 708 Streitschlichtung Die Europ\u00e4ische Kommission stellt eine [&hellip;]","protected":false},"author":1,"featured_media":0,"parent":0,"menu_order":0,"comment_status":"closed","ping_status":"closed","template":"","meta":{"footnotes":""},"class_list":["post-710","page","type-page","status-publish","hentry"],"yoast_head":"<!-- This site is optimized with the Yoast SEO plugin v27.5 - https:\/\/yoast.com\/product\/yoast-seo-wordpress\/ -->\n<title>Impressum - grama blend GmbH<\/title>\n<meta name=\"robots\" content=\"index, follow, max-snippet:-1, max-image-preview:large, max-video-preview:-1\" \/>\n<link rel=\"canonical\" href=\"https:\/\/www.gramablend.com\/fr\/impressum\/\" \/>\n<meta property=\"og:locale\" content=\"fr_FR\" \/>\n<meta property=\"og:type\" content=\"article\" \/>\n<meta property=\"og:title\" content=\"Impressum - grama blend GmbH\" \/>\n<meta property=\"og:description\" content=\"Angaben gem\u00e4\u00df \u00a7 5 DDG grama blend GmbHIndustriestra\u00dfe 44 \u2013 4692237 Sulzbach-RosenbergHandelsregister:\u00a0HRB 3769Registergericht:\u00a0Amtsgericht AmbergVertreten durch:Bj\u00f6rn HenkelMatthias Brand Kontakt Telefon: +49 (0) 9661 1043 0Telefax: +49 (0) 9661 1043 99E-Mail: info@gramablend.com Gestaltung &amp; Konzept KREATIVMALEINSWerbeagentur Weiden OberpfalzZu den Stra\u00df\u00e4ckern 292637 Weidenwww.kreativmaleins.de Umsatzsteuer-ID Umsatzsteuer-Identifikationsnummer gem\u00e4\u00df \u00a727 a Umsatzsteuergesetz:DE 813 591 708 Streitschlichtung Die Europ\u00e4ische Kommission stellt eine [&hellip;]\" \/>\n<meta property=\"og:url\" content=\"https:\/\/www.gramablend.com\/fr\/impressum\/\" \/>\n<meta property=\"og:site_name\" content=\"grama blend GmbH\" \/>\n<meta property=\"article:modified_time\" content=\"2025-01-15T09:03:09+00:00\" \/>\n<meta name=\"twitter:card\" content=\"summary_large_image\" \/>\n<meta name=\"twitter:label1\" content=\"Dur\u00e9e de lecture estim\u00e9e\" \/>\n\t<meta name=\"twitter:data1\" content=\"3 minutes\" \/>\n<script type=\"application\/ld+json\" class=\"yoast-schema-graph\">{\"@context\":\"https:\\\/\\\/schema.org\",\"@graph\":[{\"@type\":\"WebPage\",\"@id\":\"https:\\\/\\\/www.gramablend.com\\\/impressum\\\/\",\"url\":\"https:\\\/\\\/www.gramablend.com\\\/impressum\\\/\",\"name\":\"Impressum - grama blend GmbH\",\"isPartOf\":{\"@id\":\"https:\\\/\\\/www.gramablend.com\\\/#website\"},\"datePublished\":\"2020-08-24T11:42:36+00:00\",\"dateModified\":\"2025-01-15T09:03:09+00:00\",\"breadcrumb\":{\"@id\":\"https:\\\/\\\/www.gramablend.com\\\/impressum\\\/#breadcrumb\"},\"inLanguage\":\"fr-FR\",\"potentialAction\":[{\"@type\":\"ReadAction\",\"target\":[\"https:\\\/\\\/www.gramablend.com\\\/impressum\\\/\"]}]},{\"@type\":\"BreadcrumbList\",\"@id\":\"https:\\\/\\\/www.gramablend.com\\\/impressum\\\/#breadcrumb\",\"itemListElement\":[{\"@type\":\"ListItem\",\"position\":1,\"name\":\"Startseite\",\"item\":\"https:\\\/\\\/www.gramablend.com\\\/\"},{\"@type\":\"ListItem\",\"position\":2,\"name\":\"Impressum\"}]},{\"@type\":\"WebSite\",\"@id\":\"https:\\\/\\\/www.gramablend.com\\\/#website\",\"url\":\"https:\\\/\\\/www.gramablend.com\\\/\",\"name\":\"grama blend GmbH\",\"description\":\"\",\"publisher\":{\"@id\":\"https:\\\/\\\/www.gramablend.com\\\/#organization\"},\"potentialAction\":[{\"@type\":\"SearchAction\",\"target\":{\"@type\":\"EntryPoint\",\"urlTemplate\":\"https:\\\/\\\/www.gramablend.com\\\/?s={search_term_string}\"},\"query-input\":{\"@type\":\"PropertyValueSpecification\",\"valueRequired\":true,\"valueName\":\"search_term_string\"}}],\"inLanguage\":\"fr-FR\"},{\"@type\":\"Organization\",\"@id\":\"https:\\\/\\\/www.gramablend.com\\\/#organization\",\"name\":\"grama blend GmbH\",\"url\":\"https:\\\/\\\/www.gramablend.com\\\/\",\"logo\":{\"@type\":\"ImageObject\",\"inLanguage\":\"fr-FR\",\"@id\":\"https:\\\/\\\/www.gramablend.com\\\/#\\\/schema\\\/logo\\\/image\\\/\",\"url\":\"https:\\\/\\\/www.gramablend.com\\\/wp-content\\\/uploads\\\/2020\\\/08\\\/sliderlogo_dark.png\",\"contentUrl\":\"https:\\\/\\\/www.gramablend.com\\\/wp-content\\\/uploads\\\/2020\\\/08\\\/sliderlogo_dark.png\",\"width\":652,\"height\":410,\"caption\":\"grama blend GmbH\"},\"image\":{\"@id\":\"https:\\\/\\\/www.gramablend.com\\\/#\\\/schema\\\/logo\\\/image\\\/\"}}]}<\/script>\n<!-- \/ Yoast SEO plugin. -->","yoast_head_json":{"title":"Impressum - grama blend GmbH","robots":{"index":"index","follow":"follow","max-snippet":"max-snippet:-1","max-image-preview":"max-image-preview:large","max-video-preview":"max-video-preview:-1"},"canonical":"https:\/\/www.gramablend.com\/fr\/impressum\/","og_locale":"fr_FR","og_type":"article","og_title":"Impressum - grama blend GmbH","og_description":"Angaben gem\u00e4\u00df \u00a7 5 DDG grama blend GmbHIndustriestra\u00dfe 44 \u2013 4692237 Sulzbach-RosenbergHandelsregister:\u00a0HRB 3769Registergericht:\u00a0Amtsgericht AmbergVertreten durch:Bj\u00f6rn HenkelMatthias Brand Kontakt Telefon: +49 (0) 9661 1043 0Telefax: +49 (0) 9661 1043 99E-Mail: info@gramablend.com Gestaltung &amp; Konzept KREATIVMALEINSWerbeagentur Weiden OberpfalzZu den Stra\u00df\u00e4ckern 292637 Weidenwww.kreativmaleins.de Umsatzsteuer-ID Umsatzsteuer-Identifikationsnummer gem\u00e4\u00df \u00a727 a Umsatzsteuergesetz:DE 813 591 708 Streitschlichtung Die Europ\u00e4ische Kommission stellt eine [&hellip;]","og_url":"https:\/\/www.gramablend.com\/fr\/impressum\/","og_site_name":"grama blend GmbH","article_modified_time":"2025-01-15T09:03:09+00:00","twitter_card":"summary_large_image","twitter_misc":{"Dur\u00e9e de lecture estim\u00e9e":"3 minutes"},"schema":{"@context":"https:\/\/schema.org","@graph":[{"@type":"WebPage","@id":"https:\/\/www.gramablend.com\/impressum\/","url":"https:\/\/www.gramablend.com\/impressum\/","name":"Impressum - grama blend GmbH","isPartOf":{"@id":"https:\/\/www.gramablend.com\/#website"},"datePublished":"2020-08-24T11:42:36+00:00","dateModified":"2025-01-15T09:03:09+00:00","breadcrumb":{"@id":"https:\/\/www.gramablend.com\/impressum\/#breadcrumb"},"inLanguage":"fr-FR","potentialAction":[{"@type":"ReadAction","target":["https:\/\/www.gramablend.com\/impressum\/"]}]},{"@type":"BreadcrumbList","@id":"https:\/\/www.gramablend.com\/impressum\/#breadcrumb","itemListElement":[{"@type":"ListItem","position":1,"name":"Startseite","item":"https:\/\/www.gramablend.com\/"},{"@type":"ListItem","position":2,"name":"Impressum"}]},{"@type":"WebSite","@id":"https:\/\/www.gramablend.com\/#website","url":"https:\/\/www.gramablend.com\/","name":"grama blend GmbH","description":"","publisher":{"@id":"https:\/\/www.gramablend.com\/#organization"},"potentialAction":[{"@type":"SearchAction","target":{"@type":"EntryPoint","urlTemplate":"https:\/\/www.gramablend.com\/?s={search_term_string}"},"query-input":{"@type":"PropertyValueSpecification","valueRequired":true,"valueName":"search_term_string"}}],"inLanguage":"fr-FR"},{"@type":"Organization","@id":"https:\/\/www.gramablend.com\/#organization","name":"grama blend GmbH","url":"https:\/\/www.gramablend.com\/","logo":{"@type":"ImageObject","inLanguage":"fr-FR","@id":"https:\/\/www.gramablend.com\/#\/schema\/logo\/image\/","url":"https:\/\/www.gramablend.com\/wp-content\/uploads\/2020\/08\/sliderlogo_dark.png","contentUrl":"https:\/\/www.gramablend.com\/wp-content\/uploads\/2020\/08\/sliderlogo_dark.png","width":652,"height":410,"caption":"grama blend GmbH"},"image":{"@id":"https:\/\/www.gramablend.com\/#\/schema\/logo\/image\/"}}]}},"_links":{"self":[{"href":"https:\/\/www.gramablend.com\/fr\/wp-json\/wp\/v2\/pages\/710","targetHints":{"allow":["GET"]}}],"collection":[{"href":"https:\/\/www.gramablend.com\/fr\/wp-json\/wp\/v2\/pages"}],"about":[{"href":"https:\/\/www.gramablend.com\/fr\/wp-json\/wp\/v2\/types\/page"}],"author":[{"embeddable":true,"href":"https:\/\/www.gramablend.com\/fr\/wp-json\/wp\/v2\/users\/1"}],"replies":[{"embeddable":true,"href":"https:\/\/www.gramablend.com\/fr\/wp-json\/wp\/v2\/comments?post=710"}],"version-history":[{"count":10,"href":"https:\/\/www.gramablend.com\/fr\/wp-json\/wp\/v2\/pages\/710\/revisions"}],"predecessor-version":[{"id":1249,"href":"https:\/\/www.gramablend.com\/fr\/wp-json\/wp\/v2\/pages\/710\/revisions\/1249"}],"wp:attachment":[{"href":"https:\/\/www.gramablend.com\/fr\/wp-json\/wp\/v2\/media?parent=710"}],"curies":[{"name":"wp","href":"https:\/\/api.w.org\/{rel}","templated":true}]}}