{"id":333,"date":"2020-08-18T16:36:05","date_gmt":"2020-08-18T14:36:05","guid":{"rendered":"https:\/\/www.gramablend.com\/?page_id=333"},"modified":"2025-08-05T12:15:29","modified_gmt":"2025-08-05T10:15:29","slug":"zertifikate","status":"publish","type":"page","link":"https:\/\/www.gramablend.com\/fr\/certificats\/","title":{"rendered":"certificats"},"content":{"rendered":"<div data-elementor-type=\"wp-page\" data-elementor-id=\"333\" class=\"elementor elementor-333\" data-elementor-post-type=\"page\">\n\t\t\t\t\t\t<section class=\"elementor-section elementor-top-section elementor-element elementor-element-209ffd1 elementor-section-content-bottom elementor-section-boxed elementor-section-height-default elementor-section-height-default\" data-id=\"209ffd1\" data-element_type=\"section\" data-e-type=\"section\">\n\t\t\t\t\t\t<div class=\"elementor-container elementor-column-gap-default\">\n\t\t\t\t\t<div class=\"elementor-column elementor-col-100 elementor-top-column elementor-element elementor-element-403f32f\" data-id=\"403f32f\" data-element_type=\"column\" data-e-type=\"column\">\n\t\t\t<div class=\"elementor-widget-wrap elementor-element-populated\">\n\t\t\t\t\t\t<div class=\"elementor-element elementor-element-20e6228 elementor-widget elementor-widget-heading\" data-id=\"20e6228\" data-element_type=\"widget\" data-e-type=\"widget\" data-widget_type=\"heading.default\">\n\t\t\t\t<div class=\"elementor-widget-container\">\n\t\t\t\t\t<h2 class=\"elementor-heading-title elementor-size-default\">certificats<\/h2>\t\t\t\t<\/div>\n\t\t\t\t<\/div>\n\t\t\t\t\t<\/div>\n\t\t<\/div>\n\t\t\t\t\t<\/div>\n\t\t<\/section>\n\t\t\t\t<section class=\"elementor-section elementor-top-section elementor-element elementor-element-ea607ed elementor-section-boxed elementor-section-height-default elementor-section-height-default\" data-id=\"ea607ed\" data-element_type=\"section\" data-e-type=\"section\">\n\t\t\t\t\t\t<div class=\"elementor-container elementor-column-gap-default\">\n\t\t\t\t\t<div class=\"elementor-column elementor-col-25 elementor-top-column elementor-element elementor-element-f5040b7\" data-id=\"f5040b7\" data-element_type=\"column\" data-e-type=\"column\">\n\t\t\t<div class=\"elementor-widget-wrap elementor-element-populated\">\n\t\t\t\t\t\t<div class=\"elementor-element elementor-element-78be7ec elementor-position-top elementor-widget elementor-widget-image-box\" data-id=\"78be7ec\" data-element_type=\"widget\" data-e-type=\"widget\" data-widget_type=\"image-box.default\">\n\t\t\t\t<div class=\"elementor-widget-container\">\n\t\t\t\t\t<div class=\"elementor-image-box-wrapper\"><figure class=\"elementor-image-box-img\"><a href=\"https:\/\/www.gramablend.com\/fr\/certificats\/9001_zertifikat\/\" target=\"_blank\" tabindex=\"-1\"><img fetchpriority=\"high\" decoding=\"async\" width=\"768\" height=\"1086\" src=\"https:\/\/www.gramablend.com\/wp-content\/uploads\/2025\/08\/9001_Zertifikat_1-768x1086.png\" class=\"attachment-medium_large size-medium_large wp-image-1303\" alt=\"\" srcset=\"https:\/\/www.gramablend.com\/wp-content\/uploads\/2025\/08\/9001_Zertifikat_1-768x1086.png 768w, https:\/\/www.gramablend.com\/wp-content\/uploads\/2025\/08\/9001_Zertifikat_1-212x300.png 212w, https:\/\/www.gramablend.com\/wp-content\/uploads\/2025\/08\/9001_Zertifikat_1-724x1024.png 724w, https:\/\/www.gramablend.com\/wp-content\/uploads\/2025\/08\/9001_Zertifikat_1-1086x1536.png 1086w, https:\/\/www.gramablend.com\/wp-content\/uploads\/2025\/08\/9001_Zertifikat_1-1448x2048.png 1448w, https:\/\/www.gramablend.com\/wp-content\/uploads\/2025\/08\/9001_Zertifikat_1-8x12.png 8w, https:\/\/www.gramablend.com\/wp-content\/uploads\/2025\/08\/9001_Zertifikat_1-scaled.png 1810w\" sizes=\"(max-width: 768px) 100vw, 768px\" \/><\/a><\/figure><div class=\"elementor-image-box-content\"><h3 class=\"elementor-image-box-title\"><a href=\"https:\/\/www.gramablend.com\/fr\/certificats\/9001_zertifikat\/\" target=\"_blank\">SKZ - DIN EN ISO 9001<\/a><\/h3><\/div><\/div>\t\t\t\t<\/div>\n\t\t\t\t<\/div>\n\t\t\t\t\t<\/div>\n\t\t<\/div>\n\t\t\t\t<div class=\"elementor-column elementor-col-25 elementor-top-column elementor-element elementor-element-74d253f\" data-id=\"74d253f\" data-element_type=\"column\" data-e-type=\"column\">\n\t\t\t<div class=\"elementor-widget-wrap elementor-element-populated\">\n\t\t\t\t\t\t<div class=\"elementor-element elementor-element-b4aa077 elementor-position-top elementor-widget elementor-widget-image-box\" data-id=\"b4aa077\" data-element_type=\"widget\" data-e-type=\"widget\" data-widget_type=\"image-box.default\">\n\t\t\t\t<div class=\"elementor-widget-container\">\n\t\t\t\t\t<div class=\"elementor-image-box-wrapper\"><figure class=\"elementor-image-box-img\"><a href=\"https:\/\/www.gramablend.com\/fr\/certificats\/uebereinstimmungszertifikat-alustandard_ift\/\" target=\"_blank\" tabindex=\"-1\"><img decoding=\"async\" width=\"768\" height=\"1086\" src=\"https:\/\/www.gramablend.com\/wp-content\/uploads\/2025\/08\/Uebereinstimmungszertifikat-Alustandard_ift_1-768x1086.png\" class=\"attachment-medium_large size-medium_large wp-image-1302\" alt=\"\" srcset=\"https:\/\/www.gramablend.com\/wp-content\/uploads\/2025\/08\/Uebereinstimmungszertifikat-Alustandard_ift_1-768x1086.png 768w, https:\/\/www.gramablend.com\/wp-content\/uploads\/2025\/08\/Uebereinstimmungszertifikat-Alustandard_ift_1-212x300.png 212w, https:\/\/www.gramablend.com\/wp-content\/uploads\/2025\/08\/Uebereinstimmungszertifikat-Alustandard_ift_1-724x1024.png 724w, https:\/\/www.gramablend.com\/wp-content\/uploads\/2025\/08\/Uebereinstimmungszertifikat-Alustandard_ift_1-1086x1536.png 1086w, https:\/\/www.gramablend.com\/wp-content\/uploads\/2025\/08\/Uebereinstimmungszertifikat-Alustandard_ift_1-1448x2048.png 1448w, https:\/\/www.gramablend.com\/wp-content\/uploads\/2025\/08\/Uebereinstimmungszertifikat-Alustandard_ift_1-8x12.png 8w, https:\/\/www.gramablend.com\/wp-content\/uploads\/2025\/08\/Uebereinstimmungszertifikat-Alustandard_ift_1-scaled.png 1810w\" sizes=\"(max-width: 768px) 100vw, 768px\" \/><\/a><\/figure><div class=\"elementor-image-box-content\"><h3 class=\"elementor-image-box-title\"><a href=\"https:\/\/www.gramablend.com\/fr\/certificats\/uebereinstimmungszertifikat-alustandard_ift\/\" target=\"_blank\">IFT - Rosenheim<\/a><\/h3><\/div><\/div>\t\t\t\t<\/div>\n\t\t\t\t<\/div>\n\t\t\t\t\t<\/div>\n\t\t<\/div>\n\t\t\t\t<div class=\"elementor-column elementor-col-25 elementor-top-column elementor-element elementor-element-fb2ddf9\" data-id=\"fb2ddf9\" data-element_type=\"column\" data-e-type=\"column\">\n\t\t\t<div class=\"elementor-widget-wrap\">\n\t\t\t\t\t\t\t<\/div>\n\t\t<\/div>\n\t\t\t\t<div class=\"elementor-column elementor-col-25 elementor-top-column elementor-element elementor-element-e5f45eb\" data-id=\"e5f45eb\" data-element_type=\"column\" data-e-type=\"column\">\n\t\t\t<div class=\"elementor-widget-wrap\">\n\t\t\t\t\t\t\t<\/div>\n\t\t<\/div>\n\t\t\t\t\t<\/div>\n\t\t<\/section>\n\t\t\t\t<section class=\"elementor-section elementor-top-section elementor-element elementor-element-7e59fd9 elementor-section-boxed elementor-section-height-default elementor-section-height-default\" data-id=\"7e59fd9\" data-element_type=\"section\" data-e-type=\"section\">\n\t\t\t\t\t\t<div class=\"elementor-container elementor-column-gap-default\">\n\t\t\t\t\t<div class=\"elementor-column elementor-col-50 elementor-top-column elementor-element elementor-element-2f4b2d3\" data-id=\"2f4b2d3\" data-element_type=\"column\" data-e-type=\"column\">\n\t\t\t<div class=\"elementor-widget-wrap elementor-element-populated\">\n\t\t\t\t\t\t<div class=\"elementor-element elementor-element-9324567 elementor-widget elementor-widget-heading\" data-id=\"9324567\" data-element_type=\"widget\" data-e-type=\"widget\" data-widget_type=\"heading.default\">\n\t\t\t\t<div class=\"elementor-widget-container\">\n\t\t\t\t\t<h3 class=\"elementor-heading-title elementor-size-default\">EG-Baumusterpr\u00fcfbescheinigung<\/h3>\t\t\t\t<\/div>\n\t\t\t\t<\/div>\n\t\t\t\t<div class=\"elementor-element elementor-element-f86b1ab elementor-icon-list--layout-traditional elementor-list-item-link-full_width elementor-widget elementor-widget-icon-list\" data-id=\"f86b1ab\" data-element_type=\"widget\" data-e-type=\"widget\" data-widget_type=\"icon-list.default\">\n\t\t\t\t<div class=\"elementor-widget-container\">\n\t\t\t\t\t\t\t<ul class=\"elementor-icon-list-items\">\n\t\t\t\t\t\t\t<li class=\"elementor-icon-list-item\">\n\t\t\t\t\t\t\t\t\t\t\t<a href=\"https:\/\/www.gramablend.com\/fr\/certificats\/mod-b_eu_blendstone_alle-natursteine-ausser-alustandard\/\">\n\n\t\t\t\t\t\t\t\t\t\t\t\t<span class=\"elementor-icon-list-icon\">\n\t\t\t\t\t\t\t<i aria-hidden=\"true\" class=\"fas fa-file-pdf\"><\/i>\t\t\t\t\t\t<\/span>\n\t\t\t\t\t\t\t\t\t\t<span class=\"elementor-icon-list-text\">Mod B_EU_Blendstone_alle Natursteine au\u00dfer Alustandard<\/span>\n\t\t\t\t\t\t\t\t\t\t\t<\/a>\n\t\t\t\t\t\t\t\t\t<\/li>\n\t\t\t\t\t\t\t\t<li class=\"elementor-icon-list-item\">\n\t\t\t\t\t\t\t\t\t\t\t<a href=\"https:\/\/www.gramablend.com\/fr\/certificats\/mod-b_uk_fussboeden_blendstone_alle-natursteine-auser-alustandard\/\">\n\n\t\t\t\t\t\t\t\t\t\t\t\t<span class=\"elementor-icon-list-icon\">\n\t\t\t\t\t\t\t<i aria-hidden=\"true\" class=\"fas fa-file-pdf\"><\/i>\t\t\t\t\t\t<\/span>\n\t\t\t\t\t\t\t\t\t\t<span class=\"elementor-icon-list-text\">Mod B_UK_Fu\u00dfb\u00f6den_Blendstone_alle Natursteine  auser Alustandard<\/span>\n\t\t\t\t\t\t\t\t\t\t\t<\/a>\n\t\t\t\t\t\t\t\t\t<\/li>\n\t\t\t\t\t\t\t\t<li class=\"elementor-icon-list-item\">\n\t\t\t\t\t\t\t\t\t\t\t<a href=\"https:\/\/www.gramablend.com\/fr\/certificats\/mod-b_uk_verkleidungen_blendstone_alle-natursteine-auser-alustandard\/\">\n\n\t\t\t\t\t\t\t\t\t\t\t\t<span class=\"elementor-icon-list-icon\">\n\t\t\t\t\t\t\t<i aria-hidden=\"true\" class=\"fas fa-file-pdf\"><\/i>\t\t\t\t\t\t<\/span>\n\t\t\t\t\t\t\t\t\t\t<span class=\"elementor-icon-list-text\">Mod B_UK_Verkleidungen_Blendstone_alle Natursteine auser Alustandard<\/span>\n\t\t\t\t\t\t\t\t\t\t\t<\/a>\n\t\t\t\t\t\t\t\t\t<\/li>\n\t\t\t\t\t\t\t\t<li class=\"elementor-icon-list-item\">\n\t\t\t\t\t\t\t\t\t\t\t<a href=\"https:\/\/www.gramablend.com\/fr\/certificats\/modul-d_eu\/\">\n\n\t\t\t\t\t\t\t\t\t\t\t\t<span class=\"elementor-icon-list-icon\">\n\t\t\t\t\t\t\t<i aria-hidden=\"true\" class=\"fas fa-file-pdf\"><\/i>\t\t\t\t\t\t<\/span>\n\t\t\t\t\t\t\t\t\t\t<span class=\"elementor-icon-list-text\">Modul D_EU<\/span>\n\t\t\t\t\t\t\t\t\t\t\t<\/a>\n\t\t\t\t\t\t\t\t\t<\/li>\n\t\t\t\t\t\t\t\t<li class=\"elementor-icon-list-item\">\n\t\t\t\t\t\t\t\t\t\t\t<a href=\"https:\/\/www.gramablend.com\/fr\/certificats\/modul-d_uk\/\">\n\n\t\t\t\t\t\t\t\t\t\t\t\t<span class=\"elementor-icon-list-icon\">\n\t\t\t\t\t\t\t<i aria-hidden=\"true\" class=\"fas fa-file-pdf\"><\/i>\t\t\t\t\t\t<\/span>\n\t\t\t\t\t\t\t\t\t\t<span class=\"elementor-icon-list-text\">Modul D_UK<\/span>\n\t\t\t\t\t\t\t\t\t\t\t<\/a>\n\t\t\t\t\t\t\t\t\t<\/li>\n\t\t\t\t\t\t<\/ul>\n\t\t\t\t\t\t<\/div>\n\t\t\t\t<\/div>\n\t\t\t\t\t<\/div>\n\t\t<\/div>\n\t\t\t\t<div class=\"elementor-column elementor-col-50 elementor-top-column elementor-element elementor-element-5e2e561\" data-id=\"5e2e561\" data-element_type=\"column\" data-e-type=\"column\">\n\t\t\t<div class=\"elementor-widget-wrap\">\n\t\t\t\t\t\t\t<\/div>\n\t\t<\/div>\n\t\t\t\t\t<\/div>\n\t\t<\/section>\n\t\t\t\t<\/div>","protected":false},"excerpt":{"rendered":"SKZ &#8211; DIN EN ISO 9001 IFT &#8211; Rosenheim EG-Baumusterpr\u00fcfbescheinigung Mod B_EU_Blendstone_alle Natursteine au\u00dfer Alustandard Mod B_UK_Fu\u00dfb\u00f6den_Blendstone_alle Natursteine auser Alustandard Mod B_UK_Verkleidungen_Blendstone_alle Natursteine auser Alustandard Modul D_EU Modul D_UK","protected":false},"author":1,"featured_media":0,"parent":0,"menu_order":0,"comment_status":"closed","ping_status":"closed","template":"","meta":{"footnotes":""},"class_list":["post-333","page","type-page","status-publish","hentry"],"yoast_head":"<!-- This site is optimized with the Yoast SEO plugin v27.5 - https:\/\/yoast.com\/product\/yoast-seo-wordpress\/ -->\n<title>Zertifikate - grama blend GmbH<\/title>\n<meta name=\"robots\" content=\"index, follow, max-snippet:-1, max-image-preview:large, max-video-preview:-1\" \/>\n<link rel=\"canonical\" href=\"https:\/\/www.gramablend.com\/fr\/zertifikate\/\" \/>\n<meta property=\"og:locale\" content=\"fr_FR\" \/>\n<meta property=\"og:type\" content=\"article\" \/>\n<meta property=\"og:title\" content=\"Zertifikate - grama blend GmbH\" \/>\n<meta property=\"og:description\" content=\"SKZ &#8211; DIN EN ISO 9001 IFT &#8211; Rosenheim EG-Baumusterpr\u00fcfbescheinigung Mod B_EU_Blendstone_alle Natursteine au\u00dfer Alustandard Mod B_UK_Fu\u00dfb\u00f6den_Blendstone_alle Natursteine auser Alustandard Mod B_UK_Verkleidungen_Blendstone_alle Natursteine auser Alustandard Modul D_EU Modul D_UK\" \/>\n<meta property=\"og:url\" content=\"https:\/\/www.gramablend.com\/fr\/zertifikate\/\" \/>\n<meta property=\"og:site_name\" content=\"grama blend GmbH\" \/>\n<meta property=\"article:modified_time\" content=\"2025-08-05T10:15:29+00:00\" \/>\n<meta property=\"og:image\" content=\"https:\/\/www.gramablend.com\/wp-content\/uploads\/2025\/08\/9001_Zertifikat_1-scaled.png\" \/>\n\t<meta property=\"og:image:width\" content=\"1810\" \/>\n\t<meta property=\"og:image:height\" content=\"2560\" \/>\n\t<meta property=\"og:image:type\" content=\"image\/png\" \/>\n<meta name=\"twitter:card\" content=\"summary_large_image\" \/>\n<meta name=\"twitter:label1\" content=\"Dur\u00e9e de lecture estim\u00e9e\" \/>\n\t<meta name=\"twitter:data1\" content=\"1 minute\" \/>\n<script type=\"application\/ld+json\" class=\"yoast-schema-graph\">{\"@context\":\"https:\\\/\\\/schema.org\",\"@graph\":[{\"@type\":\"WebPage\",\"@id\":\"https:\\\/\\\/www.gramablend.com\\\/zertifikate\\\/\",\"url\":\"https:\\\/\\\/www.gramablend.com\\\/zertifikate\\\/\",\"name\":\"Zertifikate - grama blend GmbH\",\"isPartOf\":{\"@id\":\"https:\\\/\\\/www.gramablend.com\\\/#website\"},\"primaryImageOfPage\":{\"@id\":\"https:\\\/\\\/www.gramablend.com\\\/zertifikate\\\/#primaryimage\"},\"image\":{\"@id\":\"https:\\\/\\\/www.gramablend.com\\\/zertifikate\\\/#primaryimage\"},\"thumbnailUrl\":\"https:\\\/\\\/www.gramablend.com\\\/wp-content\\\/uploads\\\/2025\\\/08\\\/9001_Zertifikat_1-768x1086.png\",\"datePublished\":\"2020-08-18T14:36:05+00:00\",\"dateModified\":\"2025-08-05T10:15:29+00:00\",\"breadcrumb\":{\"@id\":\"https:\\\/\\\/www.gramablend.com\\\/zertifikate\\\/#breadcrumb\"},\"inLanguage\":\"fr-FR\",\"potentialAction\":[{\"@type\":\"ReadAction\",\"target\":[\"https:\\\/\\\/www.gramablend.com\\\/zertifikate\\\/\"]}]},{\"@type\":\"ImageObject\",\"inLanguage\":\"fr-FR\",\"@id\":\"https:\\\/\\\/www.gramablend.com\\\/zertifikate\\\/#primaryimage\",\"url\":\"https:\\\/\\\/www.gramablend.com\\\/wp-content\\\/uploads\\\/2025\\\/08\\\/9001_Zertifikat_1-768x1086.png\",\"contentUrl\":\"https:\\\/\\\/www.gramablend.com\\\/wp-content\\\/uploads\\\/2025\\\/08\\\/9001_Zertifikat_1-768x1086.png\"},{\"@type\":\"BreadcrumbList\",\"@id\":\"https:\\\/\\\/www.gramablend.com\\\/zertifikate\\\/#breadcrumb\",\"itemListElement\":[{\"@type\":\"ListItem\",\"position\":1,\"name\":\"Startseite\",\"item\":\"https:\\\/\\\/www.gramablend.com\\\/\"},{\"@type\":\"ListItem\",\"position\":2,\"name\":\"Zertifikate\"}]},{\"@type\":\"WebSite\",\"@id\":\"https:\\\/\\\/www.gramablend.com\\\/#website\",\"url\":\"https:\\\/\\\/www.gramablend.com\\\/\",\"name\":\"grama blend GmbH\",\"description\":\"\",\"publisher\":{\"@id\":\"https:\\\/\\\/www.gramablend.com\\\/#organization\"},\"potentialAction\":[{\"@type\":\"SearchAction\",\"target\":{\"@type\":\"EntryPoint\",\"urlTemplate\":\"https:\\\/\\\/www.gramablend.com\\\/?s={search_term_string}\"},\"query-input\":{\"@type\":\"PropertyValueSpecification\",\"valueRequired\":true,\"valueName\":\"search_term_string\"}}],\"inLanguage\":\"fr-FR\"},{\"@type\":\"Organization\",\"@id\":\"https:\\\/\\\/www.gramablend.com\\\/#organization\",\"name\":\"grama blend GmbH\",\"url\":\"https:\\\/\\\/www.gramablend.com\\\/\",\"logo\":{\"@type\":\"ImageObject\",\"inLanguage\":\"fr-FR\",\"@id\":\"https:\\\/\\\/www.gramablend.com\\\/#\\\/schema\\\/logo\\\/image\\\/\",\"url\":\"https:\\\/\\\/www.gramablend.com\\\/wp-content\\\/uploads\\\/2020\\\/08\\\/sliderlogo_dark.png\",\"contentUrl\":\"https:\\\/\\\/www.gramablend.com\\\/wp-content\\\/uploads\\\/2020\\\/08\\\/sliderlogo_dark.png\",\"width\":652,\"height\":410,\"caption\":\"grama blend GmbH\"},\"image\":{\"@id\":\"https:\\\/\\\/www.gramablend.com\\\/#\\\/schema\\\/logo\\\/image\\\/\"}}]}<\/script>\n<!-- \/ Yoast SEO plugin. -->","yoast_head_json":{"title":"Zertifikate - grama blend GmbH","robots":{"index":"index","follow":"follow","max-snippet":"max-snippet:-1","max-image-preview":"max-image-preview:large","max-video-preview":"max-video-preview:-1"},"canonical":"https:\/\/www.gramablend.com\/fr\/zertifikate\/","og_locale":"fr_FR","og_type":"article","og_title":"Zertifikate - grama blend GmbH","og_description":"SKZ &#8211; DIN EN ISO 9001 IFT &#8211; Rosenheim EG-Baumusterpr\u00fcfbescheinigung Mod B_EU_Blendstone_alle Natursteine au\u00dfer Alustandard Mod B_UK_Fu\u00dfb\u00f6den_Blendstone_alle Natursteine auser Alustandard Mod B_UK_Verkleidungen_Blendstone_alle Natursteine auser Alustandard Modul D_EU Modul D_UK","og_url":"https:\/\/www.gramablend.com\/fr\/zertifikate\/","og_site_name":"grama blend GmbH","article_modified_time":"2025-08-05T10:15:29+00:00","og_image":[{"width":1810,"height":2560,"url":"https:\/\/www.gramablend.com\/wp-content\/uploads\/2025\/08\/9001_Zertifikat_1-scaled.png","type":"image\/png"}],"twitter_card":"summary_large_image","twitter_misc":{"Dur\u00e9e de lecture estim\u00e9e":"1 minute"},"schema":{"@context":"https:\/\/schema.org","@graph":[{"@type":"WebPage","@id":"https:\/\/www.gramablend.com\/zertifikate\/","url":"https:\/\/www.gramablend.com\/zertifikate\/","name":"Zertifikate - grama blend GmbH","isPartOf":{"@id":"https:\/\/www.gramablend.com\/#website"},"primaryImageOfPage":{"@id":"https:\/\/www.gramablend.com\/zertifikate\/#primaryimage"},"image":{"@id":"https:\/\/www.gramablend.com\/zertifikate\/#primaryimage"},"thumbnailUrl":"https:\/\/www.gramablend.com\/wp-content\/uploads\/2025\/08\/9001_Zertifikat_1-768x1086.png","datePublished":"2020-08-18T14:36:05+00:00","dateModified":"2025-08-05T10:15:29+00:00","breadcrumb":{"@id":"https:\/\/www.gramablend.com\/zertifikate\/#breadcrumb"},"inLanguage":"fr-FR","potentialAction":[{"@type":"ReadAction","target":["https:\/\/www.gramablend.com\/zertifikate\/"]}]},{"@type":"ImageObject","inLanguage":"fr-FR","@id":"https:\/\/www.gramablend.com\/zertifikate\/#primaryimage","url":"https:\/\/www.gramablend.com\/wp-content\/uploads\/2025\/08\/9001_Zertifikat_1-768x1086.png","contentUrl":"https:\/\/www.gramablend.com\/wp-content\/uploads\/2025\/08\/9001_Zertifikat_1-768x1086.png"},{"@type":"BreadcrumbList","@id":"https:\/\/www.gramablend.com\/zertifikate\/#breadcrumb","itemListElement":[{"@type":"ListItem","position":1,"name":"Startseite","item":"https:\/\/www.gramablend.com\/"},{"@type":"ListItem","position":2,"name":"Zertifikate"}]},{"@type":"WebSite","@id":"https:\/\/www.gramablend.com\/#website","url":"https:\/\/www.gramablend.com\/","name":"grama blend GmbH","description":"","publisher":{"@id":"https:\/\/www.gramablend.com\/#organization"},"potentialAction":[{"@type":"SearchAction","target":{"@type":"EntryPoint","urlTemplate":"https:\/\/www.gramablend.com\/?s={search_term_string}"},"query-input":{"@type":"PropertyValueSpecification","valueRequired":true,"valueName":"search_term_string"}}],"inLanguage":"fr-FR"},{"@type":"Organization","@id":"https:\/\/www.gramablend.com\/#organization","name":"grama blend GmbH","url":"https:\/\/www.gramablend.com\/","logo":{"@type":"ImageObject","inLanguage":"fr-FR","@id":"https:\/\/www.gramablend.com\/#\/schema\/logo\/image\/","url":"https:\/\/www.gramablend.com\/wp-content\/uploads\/2020\/08\/sliderlogo_dark.png","contentUrl":"https:\/\/www.gramablend.com\/wp-content\/uploads\/2020\/08\/sliderlogo_dark.png","width":652,"height":410,"caption":"grama blend GmbH"},"image":{"@id":"https:\/\/www.gramablend.com\/#\/schema\/logo\/image\/"}}]}},"_links":{"self":[{"href":"https:\/\/www.gramablend.com\/fr\/wp-json\/wp\/v2\/pages\/333","targetHints":{"allow":["GET"]}}],"collection":[{"href":"https:\/\/www.gramablend.com\/fr\/wp-json\/wp\/v2\/pages"}],"about":[{"href":"https:\/\/www.gramablend.com\/fr\/wp-json\/wp\/v2\/types\/page"}],"author":[{"embeddable":true,"href":"https:\/\/www.gramablend.com\/fr\/wp-json\/wp\/v2\/users\/1"}],"replies":[{"embeddable":true,"href":"https:\/\/www.gramablend.com\/fr\/wp-json\/wp\/v2\/comments?post=333"}],"version-history":[{"count":10,"href":"https:\/\/www.gramablend.com\/fr\/wp-json\/wp\/v2\/pages\/333\/revisions"}],"predecessor-version":[{"id":1307,"href":"https:\/\/www.gramablend.com\/fr\/wp-json\/wp\/v2\/pages\/333\/revisions\/1307"}],"wp:attachment":[{"href":"https:\/\/www.gramablend.com\/fr\/wp-json\/wp\/v2\/media?parent=333"}],"curies":[{"name":"wp","href":"https:\/\/api.w.org\/{rel}","templated":true}]}}