{"id":1173,"date":"2021-05-04T18:57:05","date_gmt":"2021-05-04T16:57:05","guid":{"rendered":"https:\/\/www.gramablend.com\/?page_id=1173"},"modified":"2021-05-04T19:05:06","modified_gmt":"2021-05-04T17:05:06","slug":"agb","status":"publish","type":"page","link":"https:\/\/www.gramablend.com\/fr\/agb\/","title":{"rendered":"AGB"},"content":{"rendered":"<div data-elementor-type=\"wp-page\" data-elementor-id=\"1173\" class=\"elementor elementor-1173\" data-elementor-post-type=\"page\">\n\t\t\t\t\t\t<section class=\"elementor-section elementor-top-section elementor-element elementor-element-7c30474 elementor-section-content-bottom elementor-section-boxed elementor-section-height-default elementor-section-height-default\" data-id=\"7c30474\" data-element_type=\"section\" data-e-type=\"section\">\n\t\t\t\t\t\t<div class=\"elementor-container elementor-column-gap-default\">\n\t\t\t\t\t<div class=\"elementor-column elementor-col-100 elementor-top-column elementor-element elementor-element-b135afd\" data-id=\"b135afd\" data-element_type=\"column\" data-e-type=\"column\">\n\t\t\t<div class=\"elementor-widget-wrap elementor-element-populated\">\n\t\t\t\t\t\t<div class=\"elementor-element elementor-element-677c795 elementor-widget elementor-widget-heading\" data-id=\"677c795\" data-element_type=\"widget\" data-e-type=\"widget\" data-widget_type=\"heading.default\">\n\t\t\t\t<div class=\"elementor-widget-container\">\n\t\t\t\t\t<h1 class=\"elementor-heading-title elementor-size-default\">Allgemeine Gesch\u00e4ftsbedingungen <\/h1>\t\t\t\t<\/div>\n\t\t\t\t<\/div>\n\t\t\t\t<div class=\"elementor-element elementor-element-658c05c elementor-widget elementor-widget-text-editor\" data-id=\"658c05c\" data-element_type=\"widget\" data-e-type=\"widget\" data-widget_type=\"text-editor.default\">\n\t\t\t\t<div class=\"elementor-widget-container\">\n\t\t\t\t\t\t\t\t\t<p><span style=\"font-size: 12.0pt; font-family: 'Calibri',sans-serif; mso-ascii-theme-font: minor-latin; mso-fareast-font-family: Calibri; mso-fareast-theme-font: minor-latin; mso-hansi-theme-font: minor-latin; mso-bidi-font-family: 'Times New Roman'; mso-bidi-theme-font: minor-bidi; mso-ansi-language: DE; mso-fareast-language: EN-US; mso-bidi-language: AR-SA;\">der GRAMA BLEND GmbH mit Unternehmen im Sinne von \u00a7 14 BGB<\/span><\/p>\t\t\t\t\t\t\t\t<\/div>\n\t\t\t\t<\/div>\n\t\t\t\t\t<\/div>\n\t\t<\/div>\n\t\t\t\t\t<\/div>\n\t\t<\/section>\n\t\t\t\t<section class=\"elementor-section elementor-top-section elementor-element elementor-element-e46820c elementor-section-boxed elementor-section-height-default elementor-section-height-default\" data-id=\"e46820c\" data-element_type=\"section\" data-e-type=\"section\">\n\t\t\t\t\t\t<div class=\"elementor-container elementor-column-gap-default\">\n\t\t\t\t\t<div class=\"elementor-column elementor-col-100 elementor-top-column elementor-element elementor-element-afb14a5\" data-id=\"afb14a5\" data-element_type=\"column\" data-e-type=\"column\">\n\t\t\t<div class=\"elementor-widget-wrap elementor-element-populated\">\n\t\t\t\t\t\t<div class=\"elementor-element elementor-element-091913e elementor-widget elementor-widget-heading\" data-id=\"091913e\" data-element_type=\"widget\" data-e-type=\"widget\" data-widget_type=\"heading.default\">\n\t\t\t\t<div class=\"elementor-widget-container\">\n\t\t\t\t\t<h2 class=\"elementor-heading-title elementor-size-default\">\u00a7 1 Pers\u00f6nlicher Anwendungsbereich<\/h2>\t\t\t\t<\/div>\n\t\t\t\t<\/div>\n\t\t\t\t<div class=\"elementor-element elementor-element-4bcb137 elementor-widget elementor-widget-text-editor\" data-id=\"4bcb137\" data-element_type=\"widget\" data-e-type=\"widget\" data-widget_type=\"text-editor.default\">\n\t\t\t\t<div class=\"elementor-widget-container\">\n\t\t\t\t\t\t\t\t\t<p>Diese Allgemeinen Gesch\u00e4ftsbedingungen gelten nur im Verh\u00e4ltnis zu Unternehmen. Sie finden keine Anwendung gegen\u00fcber Vertragspartnern, welche Verbraucher im Sinne von \u00a7 14 BGB sind.<\/p>\t\t\t\t\t\t\t\t<\/div>\n\t\t\t\t<\/div>\n\t\t\t\t<div class=\"elementor-element elementor-element-b8eb430 elementor-widget elementor-widget-heading\" data-id=\"b8eb430\" data-element_type=\"widget\" data-e-type=\"widget\" data-widget_type=\"heading.default\">\n\t\t\t\t<div class=\"elementor-widget-container\">\n\t\t\t\t\t<h2 class=\"elementor-heading-title elementor-size-default\">\u00a7 2 Vertragsschluss<\/h2>\t\t\t\t<\/div>\n\t\t\t\t<\/div>\n\t\t\t\t<div class=\"elementor-element elementor-element-ceefe86 elementor-widget elementor-widget-text-editor\" data-id=\"ceefe86\" data-element_type=\"widget\" data-e-type=\"widget\" data-widget_type=\"text-editor.default\">\n\t\t\t\t<div class=\"elementor-widget-container\">\n\t\t\t\t\t\t\t\t\t<p>Ein Vertrag kommt nur durch schriftliche Best\u00e4tigung eines an die GRAMA BLEND GmbH erteilten Auftrages zustande (Auftragsbest\u00e4tigung). Ma\u00dfgebend f\u00fcr die beiderseitige vertraglichen Pflichten sowie den Inhalt und den Umfang unserer Lieferungen und Leistungen ist das von uns unterbreitete Angebot nach Ma\u00dfgabe der schriftlichen Auftragsbest\u00e4tigung. Soweit die Auftragserteilung nicht aufgrund eines von der GRAMA BLEND GmbH erstellten, schriftlichen Angebots erfolgt, ist allein der Inhalt der schriftlichen Auftragsbest\u00e4tigung von GRAMA BLEND GmbH ma\u00dfgebend, sofern der Auftraggeber dem Inhalt dieser Auftragsbest\u00e4tigung nicht binnen einer Woche nach deren Eingang bei ihm schriftlich widerspricht.<\/p>\t\t\t\t\t\t\t\t<\/div>\n\t\t\t\t<\/div>\n\t\t\t\t<div class=\"elementor-element elementor-element-9adebff elementor-widget elementor-widget-text-editor\" data-id=\"9adebff\" data-element_type=\"widget\" data-e-type=\"widget\" data-widget_type=\"text-editor.default\">\n\t\t\t\t<div class=\"elementor-widget-container\">\n\t\t\t\t\t\t\t\t\t<p>Die \u00c4nderung der Konstruktion der zu liefernden Leichtbauelemente ist GRAMA BLEND GmbH bis zur Auslieferung gestattet, soweit hierdurch die Funktionsf\u00e4higkeit und vereinbarte Eigenschaften nicht negativ beeinflusst werden. Bei allen mit Naturstein versehenen Leichtbauelementen handelt es sich um Natursteinprodukte, die innerhalb der einzelnen Steinsorten und Bezeichnungen individuelle Abweichungen in Bezug auf Farbe, chemische Eigenschaften und Umweltverfahren aufweisen k\u00f6nnen, auch wenn die zur Produktion verwendeten Natursteinplatten der bestellten Gesteinsart und Klassifizierung entsprechen. In Abh\u00e4ngigkeit von der konkreten Herkunft des zur Produktion verwendeten Steines k\u00f6nnen deshalb geringe Abweichungen wie beschrieben auftreten. Solche sind keine Abweichungen von der vereinbarten Beschaffenheit eines eventuell vorgelegten Musters der gleichen Steinart und Klassifizierung, es sei denn anderes ist ausdr\u00fccklich vereinbart.<\/p>\t\t\t\t\t\t\t\t<\/div>\n\t\t\t\t<\/div>\n\t\t\t\t<div class=\"elementor-element elementor-element-d31eb06 elementor-widget elementor-widget-heading\" data-id=\"d31eb06\" data-element_type=\"widget\" data-e-type=\"widget\" data-widget_type=\"heading.default\">\n\t\t\t\t<div class=\"elementor-widget-container\">\n\t\t\t\t\t<h2 class=\"elementor-heading-title elementor-size-default\">\u00a7 3 Preis und Zahlung<\/h2>\t\t\t\t<\/div>\n\t\t\t\t<\/div>\n\t\t\t\t<div class=\"elementor-element elementor-element-9767e18 elementor-widget elementor-widget-text-editor\" data-id=\"9767e18\" data-element_type=\"widget\" data-e-type=\"widget\" data-widget_type=\"text-editor.default\">\n\t\t\t\t<div class=\"elementor-widget-container\">\n\t\t\t\t\t\t\t\t\t<p>Alle Preise gelten, soweit nichts anderes vereinbart ist, frei ab Lager bzw. Produktionsst\u00e4tte ausschlie\u00dflich Verpackung. Dies gilt auch dann, wenn die GRAMA BLEND GmbH die Versendung der bestellten Ware auf Wunsch des Kunden veranlasst. Die GRAMA BLEND GmbH wird in diesem Falle ausschlie\u00dflich als Vertreter des Kunden t\u00e4tig und ist berechtigt in dessen Namen und f\u00fcr dessen Rechnung einen geeigneten Spediteur zu beauftragen. Alle Preise sind Nettopreise zuz\u00fcglich der jeweils gesetzlichen Mehrwertsteuer.<\/p><p>\u00dcbersteigt der Auftragswert einen Betrag von 2.500,- ist die GRAMA BLEND GmbH \u2013 gegen Aush\u00e4ndigung einer unbefristeten und selbstschuldnerischen B\u00fcrgschaft eines inl\u00e4ndischen Kreditinstitutes oder Kreditversicherers in H\u00f6he des jeweiligen Teilzahlungsbetrages &#8211;\u00a0 berechtigt, angemessene Teilzahlungen zu verlangen, und zwar jeweils in H\u00f6he von 1\/3 des Bruttoauftragswertes bei Zugang der Auftragsbest\u00e4tigung und bei Nachweis der Versandbereitschaft. Die Zahlung des restlichen Drittels wird f\u00e4llig mit Zugang der Ware beim Besteller, und zwar innerhalb von 30 Werktagen ohne Skonto, soweit nichts anderes vereinbart ist. Bei Teilauslieferungen gilt dies entsprechend, wenn der Empf\u00e4nger mit der zur Auslieferung bereitstehenden Ware die seinerseits vorgesehene Anwendung planm\u00e4\u00dfig durchf\u00fchren kann. Die im Gegenzug auszuh\u00e4ndigenden B\u00fcrgschaften von der GRAMA BLEND GmbH sichern ausschlie\u00dflich eine eventuelle R\u00fcckzahlungsverpflichtung, und zwar in H\u00f6he der erbrachten Vorleistungen des Kunden. Diese Vorauszahlungsb\u00fcrgschaften sind der GRAMA BLEND GmbH jeweils dann zur\u00fcckzugeben, sobald der Empf\u00e4nger Ware entsprechend seiner Bestellung in einem Umfang erhalten hat, die der H\u00f6he seiner Anzahlung entspricht. Ma\u00dfgeblich hierf\u00fcr ist der Bestellwert laut Auftragsbest\u00e4tigung von der GRAMA BLEND GmbH. Leistet der Auftraggeber \u2013 auch nach Erbringung einer Teilleistung durch die GRAMA BLEND GmbH \u2013 nicht innerhalb der vereinbarten Zahlungsfrist, obwohl M\u00e4ngel an der gelieferten Ware nicht geltend gemacht worden sind, so ist die GRAMA BLEND GmbH berechtigt, die weitere Belieferung bis zur Bezahlung der f\u00e4lligen Forderungen einzustellen.<\/p><p>Kann eine Lieferung oder Leistung aufgrund mangelhafter Mitwirkung des Bestellers erst nach Ablauf von mindestens einem Jahr nach der Auftragserteilung erfolgen, ist die GRAMA BLEND GmbH berechtigt in Abweichungen der getroffenen Preisvereinbarung die Preise angemessen zu erh\u00f6hen. Angemessen ist eine Preiserh\u00f6hung in einem Umfang, in welchem durch die nicht ordnungsgem\u00e4\u00dfe Mitwirkungshandlung des Bestellers die Gesamtkosten sich dadurch erh\u00f6ht haben, dass zum urspr\u00fcnglichen, planm\u00e4\u00dfigen Liefertermin seitens der GRAMA BLEND GmbH wegen mangelnden Mitwirkungshandlung des Bestellers nicht ausgeliefert werden konnte.<\/p><p>\u00a0<\/p>\t\t\t\t\t\t\t\t<\/div>\n\t\t\t\t<\/div>\n\t\t\t\t<div class=\"elementor-element elementor-element-388ee77 elementor-widget elementor-widget-heading\" data-id=\"388ee77\" data-element_type=\"widget\" data-e-type=\"widget\" data-widget_type=\"heading.default\">\n\t\t\t\t<div class=\"elementor-widget-container\">\n\t\t\t\t\t<h2 class=\"elementor-heading-title elementor-size-default\">\u00a7 4 Eigentumsvorbehalt<\/h2>\t\t\t\t<\/div>\n\t\t\t\t<\/div>\n\t\t\t\t<div class=\"elementor-element elementor-element-e559d4a elementor-widget elementor-widget-text-editor\" data-id=\"e559d4a\" data-element_type=\"widget\" data-e-type=\"widget\" data-widget_type=\"text-editor.default\">\n\t\t\t\t<div class=\"elementor-widget-container\">\n\t\t\t\t\t\t\t\t\t<p>Alle von der GRAMA BLEND GmbH gelieferten Produkte bleiben bis zur vollst\u00e4ndigen Bezahlung, einschlie\u00dflich aller Nebenleistungen und Kosten, Eigentum von der GRAMA BLEND GmbH. Dies gilt auch f\u00fcr Teillieferungen einer Gesamtlieferungen bis die Gesamtlieferung vollst\u00e4ndig bezahlt ist. Soweit die GRAMA BLEND GmbH ihren Eigentumsvorbehalt an der gelieferten Ware durch Weiterverarbeitung im Sinne von \u00a7 950 BGB oder dadurch verliert, dass diese wesentlicher Bestandteil eines Grundst\u00fcckes wird, tritt an die Stelle des verlorenen Eigentums die Forderung des Bestellers gegen seinen Auftraggeber, und zwar in der H\u00f6he des dem Wert der Auftragsbest\u00e4tigung entsprechenden Betrages einschlie\u00dflich aller Nebenanforderungen.<\/p>\t\t\t\t\t\t\t\t<\/div>\n\t\t\t\t<\/div>\n\t\t\t\t<div class=\"elementor-element elementor-element-f5bcbe5 elementor-widget elementor-widget-heading\" data-id=\"f5bcbe5\" data-element_type=\"widget\" data-e-type=\"widget\" data-widget_type=\"heading.default\">\n\t\t\t\t<div class=\"elementor-widget-container\">\n\t\t\t\t\t<h2 class=\"elementor-heading-title elementor-size-default\">\u00a7 5 Bauleistungen<\/h2>\t\t\t\t<\/div>\n\t\t\t\t<\/div>\n\t\t\t\t<div class=\"elementor-element elementor-element-27dce12 elementor-widget elementor-widget-text-editor\" data-id=\"27dce12\" data-element_type=\"widget\" data-e-type=\"widget\" data-widget_type=\"text-editor.default\">\n\t\t\t\t<div class=\"elementor-widget-container\">\n\t\t\t\t\t\t\t\t\t<p>F\u00fcr Bauleistungen gelten in vollem Umfange die Regelungen der VOB\/B, und zwar vor den Regelungen in diesen Allgemeinen Gesch\u00e4ftsbedingungen, die insoweit nur anschlussweise G\u00fcltigkeit haben. Bauleistungen sind alle Leistungen, die im Zusammenhang mit der Erstellung, \u00c4nderung, Instandsetzung, Erweiterung oder Beseitigung einer baulichen Anlage im Zusammenhang stehen und \/ oder welche erforderlich sind, damit diese bauliche Anlage ihre wirtschaftliche oder technische Funktion erf\u00fcllen kann. Hierzu geh\u00f6ren auch Anlagenteile und Einrichtungen, die einer besonderen Zweckbestimmung der baulichen Anlage dienen und insoweit f\u00fcr ihre Funktionsf\u00e4higkeit von Bedeutung sind.<\/p><p>Der Besteller oder ein von ihm Beauftragter Dritter hat die gelieferte Ware nach Zugang auf \u00dcbereinstimmung mit der bestellten Leistung und auf Sachm\u00e4ngel zu \u00fcberpr\u00fcfen. Offensichtlich erkennbare M\u00e4ngel sind innerhalb einer Woche schriftlich anzuzeigen.<\/p>\t\t\t\t\t\t\t\t<\/div>\n\t\t\t\t<\/div>\n\t\t\t\t<div class=\"elementor-element elementor-element-fa82348 elementor-widget elementor-widget-heading\" data-id=\"fa82348\" data-element_type=\"widget\" data-e-type=\"widget\" data-widget_type=\"heading.default\">\n\t\t\t\t<div class=\"elementor-widget-container\">\n\t\t\t\t\t<h2 class=\"elementor-heading-title elementor-size-default\">\u00a7 6 Gew\u00e4hrleistung<\/h2>\t\t\t\t<\/div>\n\t\t\t\t<\/div>\n\t\t\t\t<div class=\"elementor-element elementor-element-5b1da77 elementor-widget elementor-widget-text-editor\" data-id=\"5b1da77\" data-element_type=\"widget\" data-e-type=\"widget\" data-widget_type=\"text-editor.default\">\n\t\t\t\t<div class=\"elementor-widget-container\">\n\t\t\t\t\t\t\t\t\t<p>Soweit es sich nicht um Bauleistungen im Sinne von Ziffer 5 handelt, richtet sich die Gew\u00e4hrleistung nach den gesetzlichen Vorschriften. Liegt danach ein Sachmangel vor, so ist die GRAMA BLEND GmbH berechtigt, zun\u00e4chst nach ihrer Wahl Nacherf\u00fcllung oder Neuherstellung zu leisten oder eine angemessene Minderung vom Kaufpreis in Abzug zu bringen, soweit hierdurch der Besteller nicht unangemessen benachteiligt wird. In jedem Falle hat der Besteller vorrangig das Recht Nacherf\u00fcllung zu verlangen und soweit diese fehlschl\u00e4gt zu mindern. Die GRAMA BLEND GmbH haftet nicht, wenn Sachm\u00e4ngel aus der Nichtbeachtung der technischen Verarbeitungsvorschriften von der GRAMA BLEND GmbH entstehen.<\/p>\t\t\t\t\t\t\t\t<\/div>\n\t\t\t\t<\/div>\n\t\t\t\t<div class=\"elementor-element elementor-element-a2aaefe elementor-widget elementor-widget-heading\" data-id=\"a2aaefe\" data-element_type=\"widget\" data-e-type=\"widget\" data-widget_type=\"heading.default\">\n\t\t\t\t<div class=\"elementor-widget-container\">\n\t\t\t\t\t<h2 class=\"elementor-heading-title elementor-size-default\">\u00a7 7 Gerichtsstand<\/h2>\t\t\t\t<\/div>\n\t\t\t\t<\/div>\n\t\t\t\t<div class=\"elementor-element elementor-element-f7ba139 elementor-widget elementor-widget-text-editor\" data-id=\"f7ba139\" data-element_type=\"widget\" data-e-type=\"widget\" data-widget_type=\"text-editor.default\">\n\t\t\t\t<div class=\"elementor-widget-container\">\n\t\t\t\t\t\t\t\t\t<p>Gerichtsstand ist f\u00fcr beide Parteien Amberg.<\/p>\t\t\t\t\t\t\t\t<\/div>\n\t\t\t\t<\/div>\n\t\t\t\t\t<\/div>\n\t\t<\/div>\n\t\t\t\t\t<\/div>\n\t\t<\/section>\n\t\t\t\t<section class=\"elementor-section elementor-top-section elementor-element elementor-element-a0cc16c elementor-section-boxed elementor-section-height-default elementor-section-height-default\" data-id=\"a0cc16c\" data-element_type=\"section\" data-e-type=\"section\">\n\t\t\t\t\t\t<div class=\"elementor-container elementor-column-gap-default\">\n\t\t\t\t\t<div class=\"elementor-column elementor-col-100 elementor-top-column elementor-element elementor-element-be3ec63\" data-id=\"be3ec63\" data-element_type=\"column\" data-e-type=\"column\">\n\t\t\t<div class=\"elementor-widget-wrap elementor-element-populated\">\n\t\t\t\t\t\t<div class=\"elementor-element elementor-element-2e610e6 elementor-widget elementor-widget-spacer\" data-id=\"2e610e6\" data-element_type=\"widget\" data-e-type=\"widget\" data-widget_type=\"spacer.default\">\n\t\t\t\t<div class=\"elementor-widget-container\">\n\t\t\t\t\t\t\t<div class=\"elementor-spacer\">\n\t\t\t<div class=\"elementor-spacer-inner\"><\/div>\n\t\t<\/div>\n\t\t\t\t\t\t<\/div>\n\t\t\t\t<\/div>\n\t\t\t\t\t<\/div>\n\t\t<\/div>\n\t\t\t\t\t<\/div>\n\t\t<\/section>\n\t\t\t\t<\/div>","protected":false},"excerpt":{"rendered":"Allgemeine Gesch\u00e4ftsbedingungen der GRAMA BLEND GmbH mit Unternehmen im Sinne von \u00a7 14 BGB \u00a7 1 Pers\u00f6nlicher Anwendungsbereich Diese Allgemeinen Gesch\u00e4ftsbedingungen gelten nur im Verh\u00e4ltnis zu Unternehmen. Sie finden keine Anwendung gegen\u00fcber Vertragspartnern, welche Verbraucher im Sinne von \u00a7 14 BGB sind. \u00a7 2 Vertragsschluss Ein Vertrag kommt nur durch schriftliche Best\u00e4tigung eines an die [&hellip;]","protected":false},"author":1,"featured_media":0,"parent":0,"menu_order":0,"comment_status":"closed","ping_status":"closed","template":"","meta":{"footnotes":""},"class_list":["post-1173","page","type-page","status-publish","hentry"],"yoast_head":"<!-- This site is optimized with the Yoast SEO plugin v27.5 - https:\/\/yoast.com\/product\/yoast-seo-wordpress\/ -->\n<title>AGB - grama blend GmbH<\/title>\n<meta name=\"robots\" content=\"index, follow, max-snippet:-1, max-image-preview:large, max-video-preview:-1\" \/>\n<link rel=\"canonical\" href=\"https:\/\/www.gramablend.com\/fr\/agb\/\" \/>\n<meta property=\"og:locale\" content=\"fr_FR\" \/>\n<meta property=\"og:type\" content=\"article\" \/>\n<meta property=\"og:title\" content=\"AGB - grama blend GmbH\" \/>\n<meta property=\"og:description\" content=\"Allgemeine Gesch\u00e4ftsbedingungen der GRAMA BLEND GmbH mit Unternehmen im Sinne von \u00a7 14 BGB \u00a7 1 Pers\u00f6nlicher Anwendungsbereich Diese Allgemeinen Gesch\u00e4ftsbedingungen gelten nur im Verh\u00e4ltnis zu Unternehmen. Sie finden keine Anwendung gegen\u00fcber Vertragspartnern, welche Verbraucher im Sinne von \u00a7 14 BGB sind. \u00a7 2 Vertragsschluss Ein Vertrag kommt nur durch schriftliche Best\u00e4tigung eines an die [&hellip;]\" \/>\n<meta property=\"og:url\" content=\"https:\/\/www.gramablend.com\/fr\/agb\/\" \/>\n<meta property=\"og:site_name\" content=\"grama blend GmbH\" \/>\n<meta property=\"article:modified_time\" content=\"2021-05-04T17:05:06+00:00\" \/>\n<meta name=\"twitter:card\" content=\"summary_large_image\" \/>\n<meta name=\"twitter:label1\" content=\"Dur\u00e9e de lecture estim\u00e9e\" \/>\n\t<meta name=\"twitter:data1\" content=\"5 minutes\" \/>\n<script type=\"application\/ld+json\" class=\"yoast-schema-graph\">{\"@context\":\"https:\\\/\\\/schema.org\",\"@graph\":[{\"@type\":\"WebPage\",\"@id\":\"https:\\\/\\\/www.gramablend.com\\\/agb\\\/\",\"url\":\"https:\\\/\\\/www.gramablend.com\\\/agb\\\/\",\"name\":\"AGB - grama blend GmbH\",\"isPartOf\":{\"@id\":\"https:\\\/\\\/www.gramablend.com\\\/#website\"},\"datePublished\":\"2021-05-04T16:57:05+00:00\",\"dateModified\":\"2021-05-04T17:05:06+00:00\",\"breadcrumb\":{\"@id\":\"https:\\\/\\\/www.gramablend.com\\\/agb\\\/#breadcrumb\"},\"inLanguage\":\"fr-FR\",\"potentialAction\":[{\"@type\":\"ReadAction\",\"target\":[\"https:\\\/\\\/www.gramablend.com\\\/agb\\\/\"]}]},{\"@type\":\"BreadcrumbList\",\"@id\":\"https:\\\/\\\/www.gramablend.com\\\/agb\\\/#breadcrumb\",\"itemListElement\":[{\"@type\":\"ListItem\",\"position\":1,\"name\":\"Startseite\",\"item\":\"https:\\\/\\\/www.gramablend.com\\\/\"},{\"@type\":\"ListItem\",\"position\":2,\"name\":\"AGB\"}]},{\"@type\":\"WebSite\",\"@id\":\"https:\\\/\\\/www.gramablend.com\\\/#website\",\"url\":\"https:\\\/\\\/www.gramablend.com\\\/\",\"name\":\"grama blend GmbH\",\"description\":\"\",\"publisher\":{\"@id\":\"https:\\\/\\\/www.gramablend.com\\\/#organization\"},\"potentialAction\":[{\"@type\":\"SearchAction\",\"target\":{\"@type\":\"EntryPoint\",\"urlTemplate\":\"https:\\\/\\\/www.gramablend.com\\\/?s={search_term_string}\"},\"query-input\":{\"@type\":\"PropertyValueSpecification\",\"valueRequired\":true,\"valueName\":\"search_term_string\"}}],\"inLanguage\":\"fr-FR\"},{\"@type\":\"Organization\",\"@id\":\"https:\\\/\\\/www.gramablend.com\\\/#organization\",\"name\":\"grama blend GmbH\",\"url\":\"https:\\\/\\\/www.gramablend.com\\\/\",\"logo\":{\"@type\":\"ImageObject\",\"inLanguage\":\"fr-FR\",\"@id\":\"https:\\\/\\\/www.gramablend.com\\\/#\\\/schema\\\/logo\\\/image\\\/\",\"url\":\"https:\\\/\\\/www.gramablend.com\\\/wp-content\\\/uploads\\\/2020\\\/08\\\/sliderlogo_dark.png\",\"contentUrl\":\"https:\\\/\\\/www.gramablend.com\\\/wp-content\\\/uploads\\\/2020\\\/08\\\/sliderlogo_dark.png\",\"width\":652,\"height\":410,\"caption\":\"grama blend GmbH\"},\"image\":{\"@id\":\"https:\\\/\\\/www.gramablend.com\\\/#\\\/schema\\\/logo\\\/image\\\/\"}}]}<\/script>\n<!-- \/ Yoast SEO plugin. -->","yoast_head_json":{"title":"AGB - grama blend GmbH","robots":{"index":"index","follow":"follow","max-snippet":"max-snippet:-1","max-image-preview":"max-image-preview:large","max-video-preview":"max-video-preview:-1"},"canonical":"https:\/\/www.gramablend.com\/fr\/agb\/","og_locale":"fr_FR","og_type":"article","og_title":"AGB - grama blend GmbH","og_description":"Allgemeine Gesch\u00e4ftsbedingungen der GRAMA BLEND GmbH mit Unternehmen im Sinne von \u00a7 14 BGB \u00a7 1 Pers\u00f6nlicher Anwendungsbereich Diese Allgemeinen Gesch\u00e4ftsbedingungen gelten nur im Verh\u00e4ltnis zu Unternehmen. Sie finden keine Anwendung gegen\u00fcber Vertragspartnern, welche Verbraucher im Sinne von \u00a7 14 BGB sind. \u00a7 2 Vertragsschluss Ein Vertrag kommt nur durch schriftliche Best\u00e4tigung eines an die [&hellip;]","og_url":"https:\/\/www.gramablend.com\/fr\/agb\/","og_site_name":"grama blend GmbH","article_modified_time":"2021-05-04T17:05:06+00:00","twitter_card":"summary_large_image","twitter_misc":{"Dur\u00e9e de lecture estim\u00e9e":"5 minutes"},"schema":{"@context":"https:\/\/schema.org","@graph":[{"@type":"WebPage","@id":"https:\/\/www.gramablend.com\/agb\/","url":"https:\/\/www.gramablend.com\/agb\/","name":"AGB - grama blend GmbH","isPartOf":{"@id":"https:\/\/www.gramablend.com\/#website"},"datePublished":"2021-05-04T16:57:05+00:00","dateModified":"2021-05-04T17:05:06+00:00","breadcrumb":{"@id":"https:\/\/www.gramablend.com\/agb\/#breadcrumb"},"inLanguage":"fr-FR","potentialAction":[{"@type":"ReadAction","target":["https:\/\/www.gramablend.com\/agb\/"]}]},{"@type":"BreadcrumbList","@id":"https:\/\/www.gramablend.com\/agb\/#breadcrumb","itemListElement":[{"@type":"ListItem","position":1,"name":"Startseite","item":"https:\/\/www.gramablend.com\/"},{"@type":"ListItem","position":2,"name":"AGB"}]},{"@type":"WebSite","@id":"https:\/\/www.gramablend.com\/#website","url":"https:\/\/www.gramablend.com\/","name":"grama blend GmbH","description":"","publisher":{"@id":"https:\/\/www.gramablend.com\/#organization"},"potentialAction":[{"@type":"SearchAction","target":{"@type":"EntryPoint","urlTemplate":"https:\/\/www.gramablend.com\/?s={search_term_string}"},"query-input":{"@type":"PropertyValueSpecification","valueRequired":true,"valueName":"search_term_string"}}],"inLanguage":"fr-FR"},{"@type":"Organization","@id":"https:\/\/www.gramablend.com\/#organization","name":"grama blend GmbH","url":"https:\/\/www.gramablend.com\/","logo":{"@type":"ImageObject","inLanguage":"fr-FR","@id":"https:\/\/www.gramablend.com\/#\/schema\/logo\/image\/","url":"https:\/\/www.gramablend.com\/wp-content\/uploads\/2020\/08\/sliderlogo_dark.png","contentUrl":"https:\/\/www.gramablend.com\/wp-content\/uploads\/2020\/08\/sliderlogo_dark.png","width":652,"height":410,"caption":"grama blend GmbH"},"image":{"@id":"https:\/\/www.gramablend.com\/#\/schema\/logo\/image\/"}}]}},"_links":{"self":[{"href":"https:\/\/www.gramablend.com\/fr\/wp-json\/wp\/v2\/pages\/1173","targetHints":{"allow":["GET"]}}],"collection":[{"href":"https:\/\/www.gramablend.com\/fr\/wp-json\/wp\/v2\/pages"}],"about":[{"href":"https:\/\/www.gramablend.com\/fr\/wp-json\/wp\/v2\/types\/page"}],"author":[{"embeddable":true,"href":"https:\/\/www.gramablend.com\/fr\/wp-json\/wp\/v2\/users\/1"}],"replies":[{"embeddable":true,"href":"https:\/\/www.gramablend.com\/fr\/wp-json\/wp\/v2\/comments?post=1173"}],"version-history":[{"count":7,"href":"https:\/\/www.gramablend.com\/fr\/wp-json\/wp\/v2\/pages\/1173\/revisions"}],"predecessor-version":[{"id":1185,"href":"https:\/\/www.gramablend.com\/fr\/wp-json\/wp\/v2\/pages\/1173\/revisions\/1185"}],"wp:attachment":[{"href":"https:\/\/www.gramablend.com\/fr\/wp-json\/wp\/v2\/media?parent=1173"}],"curies":[{"name":"wp","href":"https:\/\/api.w.org\/{rel}","templated":true}]}}